{"id":11,"date":"2016-09-03T16:37:08","date_gmt":"2016-09-03T16:37:08","guid":{"rendered":"http:\/\/mjpm.de\/?page_id=11"},"modified":"2023-04-24T11:51:50","modified_gmt":"2023-04-24T11:51:50","slug":"mjpm-uebersetzungen-in-koeln-ihr-kompetenter-partner-fuer-uebersetzungen","status":"publish","type":"page","link":"https:\/\/mjpm.de\/","title":{"rendered":"MJPM \u00dcbersetzungen in K\u00f6ln. Ihr kompetenter Partner f\u00fcr \u00dcbersetzung und Transkription."},"content":{"rendered":"<div id=\"pl-11\"  class=\"panel-layout\" ><div id=\"pg-11-0\"  class=\"panel-grid panel-has-style\" ><div style=\"padding: 100px 0; \" class=\"panel-row-style panel-row-style-for-11-0\" ><div id=\"pgc-11-0-0\"  class=\"panel-grid-cell\" ><div id=\"panel-11-0-0-0\" class=\"so-panel widget widget_text panel-first-child\" data-index=\"0\" >\t\t\t<div class=\"textwidget\"><div id=\"uber_uns\"><\/div>\n<div><\/div>\n<\/div>\n\t\t<\/div><div id=\"panel-11-0-0-1\" class=\"so-panel widget widget_text\" data-index=\"1\" ><h3 class=\"widget-title\">\u00dcber Uns<\/h3>\t\t\t<div class=\"textwidget\"><p>MJPM \u00dcbersetzungen ist seit \u00fcber 17 Jahren Ihr kompetenter Partner f\u00fcr \u00dcbersetzungen, Dolmetscherservice und Sprachdienstleistungen. Mein \u00dcbersetzungsb\u00fcro in K\u00f6ln bietet Ihnen einen professionellen Service rund um das Thema \u00dcbersetzungen und Sprachen. Unterst\u00fctzt durch ein erfahrenes Team von qualifizierten, muttersprachlichen \u00dcbersetzerinnen und \u00dcbersetzern liefere ich meinen Kunden \u00dcbersetzungen und Sprachdienstleistungen in den wichtigsten Weltsprachen: ENGLISCH, SPANISCH, DEUTSCH, FRANZ\u00d6SISCH, ITALIENISCH, CHINESISCH, RUSSISCH, sowie andere Sprachen auf Anfrage.<\/p>\n<p><strong>Zu unseren Leistungen geh\u00f6ren:<\/strong><\/p>\n<div id=\"leistungen\"><\/div>\n<p>\u00dcbersetzung und Lokalisierung von Webseiten und Webshops, technische \u00dcbersetzung, \u00dcbersetzung von Vertr\u00e4gen und juristischen Texten, beglaubigte \u00dcbersetzung von Zeugnissen, Urkunden oder anderen Dokumenten, Korrektur\/Lektorat, Transkription von Texten\/Videos oder der Dolmetschereinsatz bei Messen oder Beh\u00f6rden.<\/p>\n<p>Sie m\u00f6chten sich von unserer Qualit\u00e4t und unserem zuverl\u00e4ssigen Service \u00fcberzeugen? Senden Sie\u00a0uns Ihre Anfrage mit dem zu \u00fcbersetzenden Text oder einen Link zu der Webseite, die Sie \u00fcbersetzen oder zu der Audiodatei, die Sie transkribiert haben m\u00f6chten, und Sie erhalten schnell und kostenlos ein passendes Angebot.<\/p>\n<\/div>\n\t\t<\/div><div id=\"panel-11-0-0-2\" class=\"so-panel widget widget_text\" data-index=\"2\" ><h3 class=\"widget-title\">Leistungen<\/h3>\t\t\t<div class=\"textwidget\"><p><strong>\u00dcBERSETZUNG<\/strong><\/p>\n<p>F\u00fcr unsere <strong>nationalen <\/strong>und<strong> internationalen Kunden<\/strong> \u00fcbersetzen wir Texte* u.a.\u00a0aus folgenden\u00a0<strong>Fachgebieten<\/strong>:<\/p>\n<\/div>\n\t\t<\/div><div id=\"panel-11-0-0-3\" class=\"so-panel widget widget_origin_list\" data-index=\"3\" ><div id=\"211\" class=\"panel-widget-style panel-widget-style-for-11-0-0-3\" ><div class=\"origin-widget origin-widget-list origin-widget-list-simple-charcoal\"><ul>\n<li>Recht, Vertr\u00e4ge, sonstige juristische Texte<\/li>\n<li>Medizin und Medizintechnik<\/li>\n<li>Wirtschaft<\/li>\n<li>Industrie \/ Konsumg\u00fcter \/ Luxusg\u00fcter<\/li>\n<li>Technik \/ Energie \/ Umwelt<\/li>\n<li>Tourismus \/ Gastronomie<\/li>\n<li>Marketing \/ Werbung<\/li>\n<li>E-Commerce \/ Online-Shops<\/li>\n<li>Immobilien \/ Vertr\u00e4ge<\/li>\n<li>Medien \/ Kunst \/ Kultur<\/li>\n<li>Allgemeine Texte<\/li>\n<\/ul>\n<\/div><\/div><\/div><div id=\"panel-11-0-0-4\" class=\"so-panel widget widget_text\" data-index=\"4\" >\t\t\t<div class=\"textwidget\"><div id=\"sprachen\"><\/div>\n<p>&nbsp;<\/p>\n<p>*Wir \u00fcbersetzten f\u00fcr Sie allgemeine Texte aus den o.g. Fachgebieten, Webseiten, Online-Shops, Vertr\u00e4ge, Brosch\u00fcren, Werbeflyer,\u00a0Sicherheitsdatenbl\u00e4tter, Gutachten, Bedienungsanleitungen, Berichte, medizinische Gutachten, Produktbeschreibungen, Imagebrosch\u00fcren, Kataloge, Beipackzettel,\u00a0etc.<\/p>\n<p>&nbsp;<\/p>\n<p><strong>BEGLAUBIGTE \u00dcBERSETZUNG<\/strong><\/p>\n<p>F\u00fcr <strong>Privatkunden<\/strong> fertigen wir\u00a0<strong>beglaubigte \u00dcbersetzungen<\/strong> von folgenden Dokumenten an: Urkunde, Vertrag, Urteil, Zeugnis, Titel, Bescheid, F\u00fchrungszeugnis, etc.<\/p>\n<p>&nbsp;<\/p>\n<p><strong>TRANSKRIPTION<\/strong><\/p>\n<p>Wir bieten Ihnen ebenso die <strong>Transkription (Verschriftlichung) Ihrer Audiodatei<\/strong> in den Sprachen: Deutsch, Spanisch, Englisch, Franz\u00f6sisch, Italienisch sowie andere Sprachen an. Folgende\u00a0Audiodateien\u00a0transkribieren wir f\u00fcr Sie, unter Beachtung der gew\u00fcnschten Transkriptionsregeln*: Interviews, Gespr\u00e4che, Verhandlungen, Umfragen, Experteninterviews, Vortr\u00e4ge, Vorlesung, Konferenzen,\u00a0Pr\u00e4sentationen, etc.<\/p>\n<p>*Gerne beraten wir Sie vorab, ob f\u00fcr Sie eine Transkription nach den einfachen (wortgetreu oder gegl\u00e4ttet) ausreichend ist oder Sie eine Transkription nach den erweiterten Transkriptionsregeln ben\u00f6tigen. Der Preis f\u00fcr\u00a0eine Transkription berechnet sich nach Audiominute sowie nach gew\u00e4hlter Art der Transkription (einfach oder erweitert).<\/p>\n<p>&nbsp;<\/p>\n<p>&nbsp;<\/p>\n<p>&nbsp;<\/p>\n<\/div>\n\t\t<\/div><div id=\"panel-11-0-0-5\" class=\"so-panel widget widget_text\" data-index=\"5\" ><h3 class=\"widget-title\">Sprachen<\/h3>\t\t\t<div class=\"textwidget\"><p>=&gt; Wir \u00fcbersetzen Ihre Texte aus den Sprachen:<\/p>\n<p>Deutsch, Englisch, Franz\u00f6sisch, Italienisch =&gt; <strong>SPANISCH<\/strong><\/p>\n<p>Spanisch, Englisch, Franz\u00f6sisch, Italienisch =&gt; <strong>DEUTSCH<\/strong><\/p>\n<p>sowie andere Sprachen auf Anfrage (z.B. Chinesisch, Polnisch, Russisch, T\u00fcrkisch, etc.)<\/p>\n<p>=&gt; Ebenso bieten wir Ihnen <strong>beglaubigte \u00dcbersetzungen<\/strong> in den zuvor genannten Sprachen an.<\/p>\n<p>=&gt; Die Transkription Ihrer Audiodatei bieten wir Ihnen ebenfalls in den zuvor genannten Sprachen an.<\/p>\n<p>&nbsp;<\/p>\n<\/div>\n\t\t<\/div><div id=\"panel-11-0-0-6\" class=\"so-panel widget widget_text\" data-index=\"6\" ><div class=\"panel-widget-style panel-widget-style-for-11-0-0-6\" >\t\t\t<div class=\"textwidget\"><div id=\"referenzen\"><\/div>\n<\/div>\n\t\t<\/div><\/div><div id=\"panel-11-0-0-7\" class=\"so-panel widget widget_text\" data-index=\"7\" ><div class=\"panel-widget-style panel-widget-style-for-11-0-0-7\" ><h3 class=\"widget-title\">Referenzen<\/h3>\t\t\t<div class=\"textwidget\"><p>Von klein- und mittelst\u00e4ndischen Unternehmen, bis zu multinationalen Konzernen reicht das Spektrum der Kunden, die uns ihre \u00dcbersetzungsprojekte anvertrauen. Hier finden Sie eine Auswahl unserer Kunden:<\/p>\n<p><strong>ACADEMY GmbH &amp; Co. KG<\/strong>, Medical Communication &amp; Education<strong>,<\/strong><strong>\u00a0<\/strong><strong>ART &amp; FRAGRANCE, <\/strong>CH \u2013 Zollikerberg, <strong>BCS Bayer CropScience, BayerVital GmbH,<\/strong> <strong>BMW, <\/strong><strong>BOSCH, <\/strong><strong>CAREKOM GmbH<\/strong><strong>, <\/strong><strong>DAMON Brackets<\/strong>, <strong>DATEV<\/strong><strong>,<\/strong> <strong>Dr. Niedermeier Pharma GmbH, <\/strong><strong>DR. SCHELLER COSMETICS AG, <\/strong><strong>DUMONT Buchverlag GmbH &amp; Co. KG,<\/strong>\u00a0<strong>GARDENA GmbH<\/strong>, <strong>IAK K\u00f6ln <\/strong>Institut f\u00fcr angewandte Kommunikation, <strong>IBEDA<\/strong> Gaspr\u00fcfeinrichtungen, <strong>JUNGHEINRICH<\/strong> Flurf\u00f6rderzeuge, <strong>KAT GmbH<\/strong>, <strong>KRAUS GmbH<\/strong> Automatisierungstechnik, <strong>Bernhard KRONE Holding GmbH &amp; Co. <\/strong><strong>KG<\/strong>, <strong>K\u00dcHNE &amp; NAGEL AG GmbH &amp; Co. KG <\/strong>EXPO Service K\u00f6ln, <strong>LANXESS <\/strong>Chemie, <strong>LUFTHANSA AG, <\/strong><strong>Maji &amp; Maji Filmproduktion GmbH<\/strong><strong>, <\/strong><strong>Mediengruppe mfg GmbH, <\/strong><strong>MSC Schwarzer Albus GmbH, <\/strong><strong>NICKEL GmbH, <\/strong><strong>NOLTE <\/strong>K\u00fcchen, <strong>OFFICE ONLINE eK, G. Pertl, <\/strong><strong>RANIE Chemie GmbH, <\/strong><strong>REELPORT GmbH, <\/strong><strong>RIDERCAM GmbH, <\/strong><strong>RITZENHOFF, <\/strong><strong>TEXTWORKER Redaktionsb\u00fcro Bernd Wilczek, <\/strong><strong>TSITRONE Medien GmbH, <\/strong><strong>Akademie f\u00fcr Wissenschaftliche Weiterbildung der TH K\u00f6ln<\/strong><strong>, <\/strong><strong>SIEMENS<\/strong><strong>,<\/strong> <strong>VUCX<\/strong> Vision Unlimited Creative Worx, <strong>WALRAFF RICHARTZ MUSEUM K\u00d6LN, <\/strong><strong>WIGOL W. Stache GmbH<\/strong><\/p>\n<div id=\"kontakt\">sowie zahlreiche <strong>Privatkunden<\/strong>, die uns mit der <strong>beglaubigten \u00dcbersetzung<\/strong> ihrer Dokumente beauftragen.<\/div>\n<\/div>\n\t\t<\/div><\/div><div id=\"panel-11-0-0-8\" class=\"so-panel widget widget_text\" data-index=\"8\" ><div id=\"188\" class=\"panel-widget-style panel-widget-style-for-11-0-0-8\" ><h3 class=\"widget-title\">Angebot<\/h3>\t\t\t<div class=\"textwidget\"><p>Der Preis f\u00fcr eine \u00dcbersetzung richtet sich nach Art, Umfang und Schwierigkeitsgrad des Textes sowie nach der gew\u00fcnschten Sprachkombination. Als Basis f\u00fcr die Berechnung eines Angebotes gilt:<\/p>\n<p><strong>1 Normzeile = 55 Zeichen (inkl. Leerzeichen ).<\/strong><\/p>\n<p>Der Preis f\u00fcr die Transkription einer Audiodatei wird pro Audiominute sowie nach der gew\u00fcnschten Art der Transkription (einfach oder erweitert) berechnet.<\/p>\n<p>Alle weiteren Leistungen (Dolmetscherdienst, Korrekturen, etc.) werden pro Stunde, pro Seite, pro Filmminute (bei Untertiteln) oder zu einem\u00a0vereinbarten Preis berechnet.<\/p>\n<p><strong>Senden Sie uns Ihren Text oder Ihre Datei\/Audiodatei per E-Mail, per Link oder per Fax zu. <\/strong>Sie erhalten innerhalb von 2 Std. ein\u00a0passendes Angebot.<\/p>\n<p><strong>So erreichen Sie uns:<\/strong><\/p>\n<p><strong>E-Mail:\u00a0\u00a0\u00a0\u00a0\u00a0\u00a0\u00a0\u00a0\u00a0\u00a0 info@mjpm.de<\/strong><\/p>\n<p><strong>Tel:\u00a0\u00a0\u00a0\u00a0\u00a0\u00a0\u00a0\u00a0\u00a0\u00a0\u00a0\u00a0\u00a0\u00a0\u00a0 0221- 25956114<\/strong><\/p>\n<p><strong>Fax:\u00a0\u00a0\u00a0\u00a0\u00a0\u00a0\u00a0\u00a0\u00a0\u00a0\u00a0\u00a0\u00a0\u00a0 0221- 99028444<\/strong><\/p>\n<p><strong>\u00a0<\/strong><\/p>\n<p><strong>Wir freuen uns auf Ihre Anfrage!<\/strong><\/p>\n<\/div>\n\t\t<\/div><\/div><div id=\"panel-11-0-0-9\" class=\"so-panel widget widget_list panel-last-child\" data-index=\"9\" >\n\t\t\t\t\t\t\t\t\n\t\t<\/div><\/div><\/div><\/div><\/div>","protected":false},"excerpt":{"rendered":"<p>MJPM \u00dcbersetzungen ist seit \u00fcber 17 Jahren Ihr kompetenter Partner f\u00fcr \u00dcbersetzungen, Dolmetscherservice und Sprachdienstleistungen. Mein \u00dcbersetzungsb\u00fcro in K\u00f6ln bietet Ihnen einen professionellen Service rund um das Thema \u00dcbersetzungen und Sprachen. Unterst\u00fctzt durch ein erfahrenes Team von qualifizierten, muttersprachlichen \u00dcbersetzerinnen und \u00dcbersetzern liefere ich meinen Kunden \u00dcbersetzungen und Sprachdienstleistungen in den wichtigsten Weltsprachen: ENGLISCH, SPANISCH, [&hellip;]<\/p>\n","protected":false},"author":1,"featured_media":0,"parent":0,"menu_order":0,"comment_status":"closed","ping_status":"closed","template":"page-templates\/page_fullwidth.php","meta":{"footnotes":""},"class_list":["post-11","page","type-page","status-publish","hentry"],"aioseo_notices":[],"_links":{"self":[{"href":"https:\/\/mjpm.de\/index.php?rest_route=\/wp\/v2\/pages\/11","targetHints":{"allow":["GET"]}}],"collection":[{"href":"https:\/\/mjpm.de\/index.php?rest_route=\/wp\/v2\/pages"}],"about":[{"href":"https:\/\/mjpm.de\/index.php?rest_route=\/wp\/v2\/types\/page"}],"author":[{"embeddable":true,"href":"https:\/\/mjpm.de\/index.php?rest_route=\/wp\/v2\/users\/1"}],"replies":[{"embeddable":true,"href":"https:\/\/mjpm.de\/index.php?rest_route=%2Fwp%2Fv2%2Fcomments&post=11"}],"version-history":[{"count":257,"href":"https:\/\/mjpm.de\/index.php?rest_route=\/wp\/v2\/pages\/11\/revisions"}],"predecessor-version":[{"id":580,"href":"https:\/\/mjpm.de\/index.php?rest_route=\/wp\/v2\/pages\/11\/revisions\/580"}],"wp:attachment":[{"href":"https:\/\/mjpm.de\/index.php?rest_route=%2Fwp%2Fv2%2Fmedia&parent=11"}],"curies":[{"name":"wp","href":"https:\/\/api.w.org\/{rel}","templated":true}]}}